{"id":238,"date":"2025-06-06T10:33:31","date_gmt":"2025-06-06T08:33:31","guid":{"rendered":"https:\/\/emsiehouse.fr\/?page_id=238"},"modified":"2026-03-22T23:23:14","modified_gmt":"2026-03-22T22:23:14","slug":"les-cours-enfants","status":"publish","type":"page","link":"https:\/\/emsiehouse.fr\/index.php\/les-cours-enfants\/","title":{"rendered":"Les cours enfants"},"content":{"rendered":"\n<div class=\"wp-block-group alignfull has-base-2-background-color has-background has-global-padding is-layout-constrained wp-container-core-group-is-layout-669513ed wp-block-group-is-layout-constrained\" style=\"margin-top:0;margin-bottom:0;padding-top:var(--wp--preset--spacing--50);padding-right:var(--wp--preset--spacing--50);padding-bottom:var(--wp--preset--spacing--50);padding-left:var(--wp--preset--spacing--50)\">\n<p><strong>Les mercredis : <\/strong><\/p>\n\n\n\n<ul class=\"wp-block-list\">\n<li>10h30 \u00e0 11h30 : Pole enfant<\/li>\n\n\n\n<li>15h \u00e0 16h : Cerceau a\u00e9rien enfant<\/li>\n\n\n\n<li>17h30 \u00e0 18h30 : Pole adolescent<\/li>\n<\/ul>\n\n\n\n<p><strong>Les samedis : <\/strong><\/p>\n\n\n\n<ul class=\"wp-block-list\">\n<li>10h \u00e0 11h : Babypole<\/li>\n\n\n\n<li>11h \u00e0 12h : Pole enfant<\/li>\n\n\n\n<li>12h \u00e0 13h : Pole enfant<\/li>\n<\/ul>\n\n\n\n<div class=\"wp-block-columns alignwide is-layout-flex wp-container-core-columns-is-layout-d0bbbce0 wp-block-columns-is-layout-flex\">\n<div class=\"wp-block-column is-layout-flow wp-container-core-column-is-layout-e3d1c41b wp-block-column-is-layout-flow\">\n<h3 class=\"wp-block-heading has-text-align-left is-style-asterisk has-body-font-family has-medium-font-size\" style=\"font-style:normal;font-weight:600\">Babypole : de 5 \u00e0 8 ans<\/h3>\n\n\n\n<p class=\"has-text-align-left\"><\/p>\n\n\n\n<p class=\"has-text-align-left\">Ce cours permet de d\u00e9velopper, la motricit\u00e9, la coordination, la m\u00e9moire et la force, le tout dans un cadre amusant et s\u00e9curisant.<\/p>\n\n\n\n<p class=\"has-text-align-left\">Convient \u00e0 tous les niveaux.<\/p>\n\n\n\n<p>Comment s\u2019habiller : V\u00eatements de sport.<\/p>\n\n\n\n<p class=\"has-text-align-left\">Accessoires utiles : serviette \/ bouteille d\u2019eau<\/p>\n<\/div>\n<\/div>\n\n\n\n<div style=\"height:var(--wp--preset--spacing--20)\" aria-hidden=\"true\" class=\"wp-block-spacer\"><\/div>\n\n\n\n<div class=\"wp-block-columns alignwide is-layout-flex wp-container-core-columns-is-layout-d0bbbce0 wp-block-columns-is-layout-flex\">\n<div class=\"wp-block-column is-layout-flow wp-container-core-column-is-layout-e3d1c41b wp-block-column-is-layout-flow\">\n<h3 class=\"wp-block-heading has-text-align-left is-style-asterisk has-body-font-family has-medium-font-size\" style=\"font-style:normal;font-weight:600\">Cerceau a\u00e9rien enfant : de 6 \u00e0 15 ans<\/h3>\n\n\n\n<p class=\"has-text-align-left\">Cours de cerceau a\u00e9rien, tous les mercredis<br><\/p>\n\n\n\n<p>Dans ce cours les enfants travailleront leur musicalit\u00e9, leur force, leur souplesse, leur m\u00e9moire, le tout en s\u2019amusant.<\/p>\n\n\n\n<p>Convient \u00e0 tous les niveaux.<\/p>\n\n\n\n<p>Comment s\u2019habiller : Leggings de sport et tee-shirt \u00e0 manches courtes<\/p>\n\n\n\n<p class=\"has-text-align-left\">Accessoires utiles : serviette \/ bouteille d\u2019eau<\/p>\n<\/div>\n\n\n\n<div class=\"wp-block-column is-layout-flow wp-container-core-column-is-layout-e3d1c41b wp-block-column-is-layout-flow\">\n<h3 class=\"wp-block-heading has-text-align-left is-style-asterisk has-body-font-family has-medium-font-size\" style=\"font-style:normal;font-weight:600\">Pole dance enfant : de 9 \u00e0 13 ans<\/h3>\n\n\n\n<p class=\"has-text-align-left\">Ce cours permet de d\u00e9velopper, la motricit\u00e9, la coordination, la m\u00e9moire et la force, le tout dans un cadre amusant et s\u00e9curisant.<\/p>\n\n\n\n<p class=\"has-text-align-left\">Convient \u00e0 tous les niveaux<\/p>\n\n\n\n<p>Comment s&rsquo;habiller : short de sport brassi\u00e8re de sport<\/p>\n\n\n\n<p class=\"has-text-align-left\">Accessoires utiles : serviette \/ bouteille d&rsquo;eau<\/p>\n<\/div>\n\n\n\n<div class=\"wp-block-column is-layout-flow wp-container-core-column-is-layout-e3d1c41b wp-block-column-is-layout-flow\">\n<h3 class=\"wp-block-heading has-text-align-left is-style-asterisk has-body-font-family has-medium-font-size\" style=\"font-style:normal;font-weight:600\">Pole adolescent : de 13 \u00e0 17 ans<\/h3>\n\n\n\n<p class=\"has-text-align-left\">Dans ce cours de pole dance vous apprendrez des figures techniques, mais \u00e9galement des petits encha\u00eenements de figures (combo) et des chor\u00e9graphies.<\/p>\n\n\n\n<p class=\"has-text-align-left\">Vous d\u00e9velopperez votre force, votre souplesse, votre cot\u00e9 artistique, le tout de mani\u00e8re adapt\u00e9 \u00e0 votre \u00e2ge.<\/p>\n\n\n\n<p class=\"has-text-align-left\">Convient \u00e0 tous les niveaux<\/p>\n\n\n\n<p>Comment s&rsquo;habiller : short de sport brassi\u00e8re de sport<\/p>\n\n\n\n<p class=\"has-text-align-left\">Accessoires utiles : serviette \/ bouteille d&rsquo;eau<\/p>\n<\/div>\n<\/div>\n<\/div>\n\n\n\n<p><\/p>\n\n\n\n<p><\/p>\n","protected":false},"excerpt":{"rendered":"<p>Les mercredis : Les samedis : Babypole : de 5 \u00e0 8 ans Ce cours permet de d\u00e9velopper, la motricit\u00e9, la coordination, la m\u00e9moire et la force, le tout dans un cadre amusant et s\u00e9curisant. Convient \u00e0 tous les niveaux. Comment s\u2019habiller : V\u00eatements de sport. Accessoires utiles : serviette \/ bouteille d\u2019eau Cerceau a\u00e9rien [&hellip;]<\/p>\n","protected":false},"author":1,"featured_media":0,"parent":0,"menu_order":0,"comment_status":"closed","ping_status":"closed","template":"","meta":{"footnotes":""},"class_list":["post-238","page","type-page","status-publish","hentry"],"_links":{"self":[{"href":"https:\/\/emsiehouse.fr\/index.php\/wp-json\/wp\/v2\/pages\/238","targetHints":{"allow":["GET"]}}],"collection":[{"href":"https:\/\/emsiehouse.fr\/index.php\/wp-json\/wp\/v2\/pages"}],"about":[{"href":"https:\/\/emsiehouse.fr\/index.php\/wp-json\/wp\/v2\/types\/page"}],"author":[{"embeddable":true,"href":"https:\/\/emsiehouse.fr\/index.php\/wp-json\/wp\/v2\/users\/1"}],"replies":[{"embeddable":true,"href":"https:\/\/emsiehouse.fr\/index.php\/wp-json\/wp\/v2\/comments?post=238"}],"version-history":[{"count":5,"href":"https:\/\/emsiehouse.fr\/index.php\/wp-json\/wp\/v2\/pages\/238\/revisions"}],"predecessor-version":[{"id":376,"href":"https:\/\/emsiehouse.fr\/index.php\/wp-json\/wp\/v2\/pages\/238\/revisions\/376"}],"wp:attachment":[{"href":"https:\/\/emsiehouse.fr\/index.php\/wp-json\/wp\/v2\/media?parent=238"}],"curies":[{"name":"wp","href":"https:\/\/api.w.org\/{rel}","templated":true}]}}