{"id":91,"date":"2024-09-17T19:30:36","date_gmt":"2024-09-17T17:30:36","guid":{"rendered":"https:\/\/emsiehouse.fr\/?page_id=91"},"modified":"2025-09-12T16:46:48","modified_gmt":"2025-09-12T14:46:48","slug":"contact","status":"publish","type":"page","link":"https:\/\/emsiehouse.fr\/index.php\/contact\/","title":{"rendered":"Contact"},"content":{"rendered":"\n<div class=\"wp-block-group alignfull has-base-2-background-color has-background has-global-padding is-layout-constrained wp-container-core-group-is-layout-669513ed wp-block-group-is-layout-constrained\" style=\"margin-top:0;margin-bottom:0;padding-top:var(--wp--preset--spacing--50);padding-right:var(--wp--preset--spacing--50);padding-bottom:var(--wp--preset--spacing--50);padding-left:var(--wp--preset--spacing--50)\">\n<div class=\"wp-block-group is-vertical is-content-justification-center is-layout-flex wp-container-core-group-is-layout-52b864f0 wp-block-group-is-layout-flex\">\n<h2 class=\"wp-block-heading has-text-align-center is-style-asterisk\"><strong>Les coordonn\u00e9es du studio<\/strong> <\/h2>\n<\/div>\n\n\n\n<div style=\"margin-top:0;margin-bottom:0;height:var(--wp--preset--spacing--40)\" aria-hidden=\"true\" class=\"wp-block-spacer\"><\/div>\n\n\n\n<div class=\"wp-block-columns alignwide is-layout-flex wp-container-core-columns-is-layout-d0bbbce0 wp-block-columns-is-layout-flex\">\n<div class=\"wp-block-column is-layout-flow wp-container-core-column-is-layout-e3d1c41b wp-block-column-is-layout-flow\">\n<h3 class=\"wp-block-heading has-text-align-left is-style-asterisk has-body-font-family has-medium-font-size\" style=\"font-style:normal;font-weight:600\"><strong>Notre t\u00e9l\u00e9phone<\/strong><\/h3>\n\n\n\n<p class=\"has-text-align-left\">06 49 52 45 06<\/p>\n<\/div>\n\n\n\n<div class=\"wp-block-column is-layout-flow wp-container-core-column-is-layout-e3d1c41b wp-block-column-is-layout-flow\">\n<h3 class=\"wp-block-heading has-text-align-left is-style-asterisk has-body-font-family has-medium-font-size\" style=\"font-style:normal;font-weight:600\"><strong>Notre mail<\/strong><\/h3>\n\n\n\n<p class=\"has-text-align-left\">emsie.house@gmail.com<\/p>\n<\/div>\n\n\n\n<div class=\"wp-block-column is-layout-flow wp-container-core-column-is-layout-e3d1c41b wp-block-column-is-layout-flow\">\n<h3 class=\"wp-block-heading has-text-align-left is-style-asterisk has-body-font-family has-medium-font-size\" style=\"font-style:normal;font-weight:600\"><strong>Nos pages Instagram et Facebook<\/strong><\/h3>\n\n\n\n<p class=\"has-text-align-left\">Emsie.house<\/p>\n<\/div>\n<\/div>\n\n\n\n<div style=\"height:var(--wp--preset--spacing--20)\" aria-hidden=\"true\" class=\"wp-block-spacer\"><\/div>\n\n\n\n<div class=\"wp-block-columns alignwide is-layout-flex wp-container-core-columns-is-layout-d0bbbce0 wp-block-columns-is-layout-flex\">\n<div class=\"wp-block-column is-layout-flow wp-container-core-column-is-layout-e3d1c41b wp-block-column-is-layout-flow\">\n<h3 class=\"wp-block-heading has-text-align-left is-style-asterisk has-body-font-family has-medium-font-size\" style=\"font-style:normal;font-weight:600\"><strong>Notre adresse<\/strong><\/h3>\n\n\n\n<p class=\"has-text-align-left\">11 rue du Dr Coquand 74100 Annemasse<\/p>\n<\/div>\n<\/div>\n<\/div>\n\n\n\n<div class=\"wp-block-group alignfull has-global-padding is-layout-constrained wp-container-core-group-is-layout-d89aad35 wp-block-group-is-layout-constrained\" style=\"margin-top:0;margin-bottom:0;padding-top:var(--wp--preset--spacing--50);padding-right:var(--wp--preset--spacing--50);padding-bottom:var(--wp--preset--spacing--50);padding-left:var(--wp--preset--spacing--50)\">\n<div class=\"wp-block-group alignwide has-global-padding is-layout-constrained wp-container-core-group-is-layout-19e250f3 wp-block-group-is-layout-constrained\">\n<div class=\"wp-block-group is-vertical is-content-justification-center is-layout-flex wp-container-core-group-is-layout-6329a8f3 wp-block-group-is-layout-flex\">\n<h2 class=\"wp-block-heading has-text-align-center is-style-asterisk\"><strong>Comment nous trouver ?<\/strong><\/h2>\n\n\n\n<p class=\"has-text-align-center\">En plein centre ville, vous pouvez nous rejoindre \u00e0 pied, en transport en commun ou en voiture.<\/p>\n<\/div>\n\n\n\n<div style=\"height:var(--wp--preset--spacing--40)\" aria-hidden=\"true\" class=\"wp-block-spacer\"><\/div>\n\n\n\n<div class=\"wp-block-columns alignwide is-layout-flex wp-container-core-columns-is-layout-d1c656ed wp-block-columns-is-layout-flex\">\n<div class=\"wp-block-column is-vertically-aligned-center is-layout-flow wp-block-column-is-layout-flow\" style=\"flex-basis:40%\">\n<h3 class=\"wp-block-heading is-style-asterisk\"><strong>Si vous venez :<\/strong><\/h3>\n\n\n\n<ul style=\"line-height:1.75\" class=\"wp-block-list is-style-checkmark-list\">\n<li><strong>En voiture<\/strong> : le parking le plus proche est \u00a0\u00bb Parking Montessuit\/Hotel de ville\u00a0\u00bb a 3 minutes \u00e0 pied<\/li>\n\n\n\n<li><strong>En transport en commun <\/strong>: Arr\u00eat de tram ligne 17 \u00a0\u00bb Parc Montessuit\u00a0\u00bb \u00e0 3 minutes \u00e0 pieds ou Gare d&rsquo;Annemasse \u00e0 7 minutes \u00e0 pied<\/li>\n<\/ul>\n<\/div>\n\n\n\n<div class=\"wp-block-column is-layout-flow wp-block-column-is-layout-flow\" style=\"flex-basis:50%\">\n<figure class=\"wp-block-image size-large is-style-rounded is-style-rounded--1\"><img loading=\"lazy\" decoding=\"async\" width=\"1024\" height=\"684\" src=\"https:\/\/emsiehouse.fr\/wp-content\/uploads\/2024\/09\/Screenshot-2024-09-17-17.03.31-1024x684.png\" alt=\"\" class=\"wp-image-115\" srcset=\"https:\/\/emsiehouse.fr\/wp-content\/uploads\/2024\/09\/Screenshot-2024-09-17-17.03.31-1024x684.png 1024w, https:\/\/emsiehouse.fr\/wp-content\/uploads\/2024\/09\/Screenshot-2024-09-17-17.03.31-300x200.png 300w, https:\/\/emsiehouse.fr\/wp-content\/uploads\/2024\/09\/Screenshot-2024-09-17-17.03.31-768x513.png 768w, https:\/\/emsiehouse.fr\/wp-content\/uploads\/2024\/09\/Screenshot-2024-09-17-17.03.31.png 1106w\" sizes=\"auto, (max-width: 1024px) 100vw, 1024px\" \/><\/figure>\n<\/div>\n<\/div>\n\n\n\n<div style=\"height:var(--wp--preset--spacing--40)\" aria-hidden=\"true\" class=\"wp-block-spacer\"><\/div>\n<\/div>\n<\/div>\n","protected":false},"excerpt":{"rendered":"<p>Les coordonn\u00e9es du studio Notre t\u00e9l\u00e9phone 06 49 52 45 06 Notre mail emsie.house@gmail.com Nos pages Instagram et Facebook Emsie.house Notre adresse 11 rue du Dr Coquand 74100 Annemasse Comment nous trouver ? En plein centre ville, vous pouvez nous rejoindre \u00e0 pied, en transport en commun ou en voiture. Si vous venez :<\/p>\n","protected":false},"author":1,"featured_media":120,"parent":0,"menu_order":0,"comment_status":"closed","ping_status":"closed","template":"","meta":{"footnotes":""},"class_list":["post-91","page","type-page","status-publish","has-post-thumbnail","hentry"],"_links":{"self":[{"href":"https:\/\/emsiehouse.fr\/index.php\/wp-json\/wp\/v2\/pages\/91","targetHints":{"allow":["GET"]}}],"collection":[{"href":"https:\/\/emsiehouse.fr\/index.php\/wp-json\/wp\/v2\/pages"}],"about":[{"href":"https:\/\/emsiehouse.fr\/index.php\/wp-json\/wp\/v2\/types\/page"}],"author":[{"embeddable":true,"href":"https:\/\/emsiehouse.fr\/index.php\/wp-json\/wp\/v2\/users\/1"}],"replies":[{"embeddable":true,"href":"https:\/\/emsiehouse.fr\/index.php\/wp-json\/wp\/v2\/comments?post=91"}],"version-history":[{"count":7,"href":"https:\/\/emsiehouse.fr\/index.php\/wp-json\/wp\/v2\/pages\/91\/revisions"}],"predecessor-version":[{"id":319,"href":"https:\/\/emsiehouse.fr\/index.php\/wp-json\/wp\/v2\/pages\/91\/revisions\/319"}],"wp:featuredmedia":[{"embeddable":true,"href":"https:\/\/emsiehouse.fr\/index.php\/wp-json\/wp\/v2\/media\/120"}],"wp:attachment":[{"href":"https:\/\/emsiehouse.fr\/index.php\/wp-json\/wp\/v2\/media?parent=91"}],"curies":[{"name":"wp","href":"https:\/\/api.w.org\/{rel}","templated":true}]}}